{"id":194,"date":"2023-01-13T11:29:46","date_gmt":"2023-01-13T10:29:46","guid":{"rendered":"https:\/\/abonne-atlanticeau.stgs.fr\/wpstgsae\/?page_id=194"},"modified":"2023-04-21T11:06:11","modified_gmt":"2023-04-21T09:06:11","slug":"actualites","status":"publish","type":"page","link":"https:\/\/abonne-atlanticeau.stgs.fr\/wpstgsae\/actualites\/","title":{"rendered":"Actualit\u00e9s"},"content":{"rendered":"\n<p><\/p>\n\n\n<ul class=\"wp-block-latest-posts__list has-dates alignwide ticss-c3ea8191 wp-block-latest-posts has-small-font-size\"><li><a class=\"wp-block-latest-posts__post-title\" href=\"https:\/\/abonne-atlanticeau.stgs.fr\/wpstgsae\/coupure-dalimentation-en-eau-potable\/\">Coupure d&rsquo;alimentation en eau potable<\/a><time datetime=\"2025-10-20T16:22:30+02:00\" class=\"wp-block-latest-posts__post-date\">20 octobre 2025<\/time><div class=\"wp-block-latest-posts__post-excerpt\">DIVATTE SUR LOIRE &#8211; BARBECHAT En raison de travaux sur le r\u00e9seau, la distribution en eau potable de votre installation sera interrompue Du Jeudi 23 Octobre 22h00 Au Vendredi 24 &#8230;<\/div><\/li>\n<li><a class=\"wp-block-latest-posts__post-title\" href=\"https:\/\/abonne-atlanticeau.stgs.fr\/wpstgsae\/coupure-dalimentation-en-eau-potable-2\/\">Coupure d&rsquo;alimentation en eau potable<\/a><time datetime=\"2025-09-18T17:48:00+02:00\" class=\"wp-block-latest-posts__post-date\">18 septembre 2025<\/time><div class=\"wp-block-latest-posts__post-excerpt\">GORGES &#8211; LE PALLET &#8211; MOUZILLON En raison de travaux sur le r\u00e9seau, la distribution en eau potable de votre installation sera interrompue MARDI 23 SEPTEMBRE 2025 DE 8H00 A &#8230;<\/div><\/li>\n<li><a class=\"wp-block-latest-posts__post-title\" href=\"https:\/\/abonne-atlanticeau.stgs.fr\/wpstgsae\/fermeture-exceptionnelle\/\">Fermeture exceptionnelle<\/a><time datetime=\"2024-11-29T11:38:23+01:00\" class=\"wp-block-latest-posts__post-date\">29 novembre 2024<\/time><div class=\"wp-block-latest-posts__post-excerpt\">Pour information notre agence \u00e0 La Chapelle Heulin sera exceptionnellement ferm\u00e9e le vendredi 13\/12\/2024.L&rsquo;accueil t\u00e9l\u00e9phonique reste ouvert de 8h \u00e0 18h.<\/div><\/li>\n<li><div class=\"wp-block-latest-posts__featured-image alignleft\"><a href=\"https:\/\/abonne-atlanticeau.stgs.fr\/wpstgsae\/campagne-de-releve-des-compteurs-deau\/\" aria-label=\"Campagne de rel\u00e8ve des compteurs d&rsquo;eau\"><img loading=\"lazy\" decoding=\"async\" width=\"150\" height=\"150\" src=\"https:\/\/abonne-atlanticeau.stgs.fr\/wpstgsae\/wp-content\/uploads\/2023\/01\/enfant-150x150.png\" class=\"attachment-thumbnail size-thumbnail wp-post-image\" alt=\"\" style=\"max-width:75px;max-height:75px;\" \/><\/a><\/div><a class=\"wp-block-latest-posts__post-title\" href=\"https:\/\/abonne-atlanticeau.stgs.fr\/wpstgsae\/campagne-de-releve-des-compteurs-deau\/\">Campagne de rel\u00e8ve des compteurs d&rsquo;eau<\/a><time datetime=\"2023-11-09T17:24:57+01:00\" class=\"wp-block-latest-posts__post-date\">9 novembre 2023<\/time><div class=\"wp-block-latest-posts__post-excerpt\">Nous vous informons que les techniciens STGS proc\u00e8dent actuellement et pendant tout le mois de novembre \u00e0 la campagne annuelle de rel\u00e8ve de vos compteurs d&rsquo;eau de votre secteur. Cette &#8230;<\/div><\/li>\n<li><div class=\"wp-block-latest-posts__featured-image alignleft\"><a href=\"https:\/\/abonne-atlanticeau.stgs.fr\/wpstgsae\/actualisation-de-vos-donnees-2\/\" aria-label=\"Cl\u00f4ture du portail d&rsquo;actualisation des donn\u00e9es\"><img loading=\"lazy\" decoding=\"async\" width=\"150\" height=\"150\" src=\"https:\/\/abonne-atlanticeau.stgs.fr\/wpstgsae\/wp-content\/uploads\/2023\/01\/enfant-150x150.png\" class=\"attachment-thumbnail size-thumbnail wp-post-image\" alt=\"\" style=\"max-width:75px;max-height:75px;\" \/><\/a><\/div><a class=\"wp-block-latest-posts__post-title\" href=\"https:\/\/abonne-atlanticeau.stgs.fr\/wpstgsae\/actualisation-de-vos-donnees-2\/\">Cl\u00f4ture du portail d&rsquo;actualisation des donn\u00e9es<\/a><time datetime=\"2023-04-21T12:00:00+02:00\" class=\"wp-block-latest-posts__post-date\">21 avril 2023<\/time><div class=\"wp-block-latest-posts__post-excerpt\">Vous n&rsquo;avez pas eu le temps de vous rendre sur l&rsquo;espace d\u00e9di\u00e9 \u00e0 l&rsquo;actualisation des donn\u00e9es suite au changement de prestataire ? Aucun probl\u00e8me ! Vous pouvez toujours r\u00e9aliser votre &#8230;<\/div><\/li>\n<li><div class=\"wp-block-latest-posts__featured-image alignleft\"><a href=\"https:\/\/abonne-atlanticeau.stgs.fr\/wpstgsae\/stgs-obtient-la-marque-de-garantie-relation-client-100-france\/\" aria-label=\"STGS obtient la marque de garantie \u00ab\u00a0Relation Client 100% France\u00a0\u00bb\"><img loading=\"lazy\" decoding=\"async\" width=\"150\" height=\"150\" src=\"https:\/\/abonne-atlanticeau.stgs.fr\/wpstgsae\/wp-content\/uploads\/2023\/02\/Logo-2-certification-Relation-Client-France-Reseaux-Sociaux-dimension-inferieure-150x150.jpg\" class=\"attachment-thumbnail size-thumbnail wp-post-image\" alt=\"\" style=\"max-width:75px;max-height:75px;\" srcset=\"https:\/\/abonne-atlanticeau.stgs.fr\/wpstgsae\/wp-content\/uploads\/2023\/02\/Logo-2-certification-Relation-Client-France-Reseaux-Sociaux-dimension-inferieure-150x150.jpg 150w, https:\/\/abonne-atlanticeau.stgs.fr\/wpstgsae\/wp-content\/uploads\/2023\/02\/Logo-2-certification-Relation-Client-France-Reseaux-Sociaux-dimension-inferieure-300x300.jpg 300w, https:\/\/abonne-atlanticeau.stgs.fr\/wpstgsae\/wp-content\/uploads\/2023\/02\/Logo-2-certification-Relation-Client-France-Reseaux-Sociaux-dimension-inferieure.jpg 400w\" sizes=\"auto, (max-width: 150px) 100vw, 150px\" \/><\/a><\/div><a class=\"wp-block-latest-posts__post-title\" href=\"https:\/\/abonne-atlanticeau.stgs.fr\/wpstgsae\/stgs-obtient-la-marque-de-garantie-relation-client-100-france\/\">STGS obtient la marque de garantie \u00ab\u00a0Relation Client 100% France\u00a0\u00bb<\/a><time datetime=\"2023-02-15T11:57:34+01:00\" class=\"wp-block-latest-posts__post-date\">15 f\u00e9vrier 2023<\/time><div class=\"wp-block-latest-posts__post-excerpt\">STGS (250 salari\u00e9s), filiale du groupe familial centenaire STURNO (1000 salari\u00e9s) est un op\u00e9rateur de services d\u2019eau et d\u2019assainissement ancr\u00e9 dans le Grand Ouest depuis une trentaine d\u2019ann\u00e9e\u00a0; elle conna\u00eet &#8230;<\/div><\/li>\n<li><div class=\"wp-block-latest-posts__featured-image alignleft\"><a href=\"https:\/\/abonne-atlanticeau.stgs.fr\/wpstgsae\/actualisation-de-vos-donnees\/\" aria-label=\"Actualisation de vos donn\u00e9es\"><img loading=\"lazy\" decoding=\"async\" width=\"150\" height=\"150\" src=\"https:\/\/abonne-atlanticeau.stgs.fr\/wpstgsae\/wp-content\/uploads\/2023\/01\/enfant-150x150.png\" class=\"attachment-thumbnail size-thumbnail wp-post-image\" alt=\"\" style=\"max-width:75px;max-height:75px;\" \/><\/a><\/div><a class=\"wp-block-latest-posts__post-title\" href=\"https:\/\/abonne-atlanticeau.stgs.fr\/wpstgsae\/actualisation-de-vos-donnees\/\">Actualisation de vos donn\u00e9es<\/a><time datetime=\"2023-01-30T10:00:25+01:00\" class=\"wp-block-latest-posts__post-date\">30 janvier 2023<\/time><div class=\"wp-block-latest-posts__post-excerpt\">Le site web pour actualiser vos donn\u00e9es https:\/\/contrat-atlanticeau.stgs.fr\/ est d\u00e9sormais disponible. Cette d\u00e9marche est simple et ne prend que quelques minutes. Pour vous connecter, vous devrez saisir votre r\u00e9f\u00e9rence abonn\u00e9 &#8230;<\/div><\/li>\n<li><div class=\"wp-block-latest-posts__featured-image alignleft\"><a href=\"https:\/\/abonne-atlanticeau.stgs.fr\/wpstgsae\/stgs-votre-nouveau-delegataire-du-service-public-de-leau-potable\/\" aria-label=\"STGS, votre nouveau d\u00e9l\u00e9gataire du service public de l\u2019eau potable\"><img loading=\"lazy\" decoding=\"async\" width=\"150\" height=\"150\" src=\"https:\/\/abonne-atlanticeau.stgs.fr\/wpstgsae\/wp-content\/uploads\/2023\/02\/Logo_RVB-e1676467178545-150x150.jpg\" class=\"attachment-thumbnail size-thumbnail wp-post-image\" alt=\"\" style=\"max-width:75px;max-height:75px;\" \/><\/a><\/div><a class=\"wp-block-latest-posts__post-title\" href=\"https:\/\/abonne-atlanticeau.stgs.fr\/wpstgsae\/stgs-votre-nouveau-delegataire-du-service-public-de-leau-potable\/\">STGS, votre nouveau d\u00e9l\u00e9gataire du service public de l\u2019eau potable<\/a><time datetime=\"2023-01-13T15:34:55+01:00\" class=\"wp-block-latest-posts__post-date\">13 janvier 2023<\/time><div class=\"wp-block-latest-posts__post-excerpt\">A compter du 1er janvier 2023, atlantic\u2019eau, votre service public d\u2019eau potable en Loire Atlantique, a d\u00e9l\u00e9gu\u00e9 une partie de ses missions \u00e0 STGS pour les communes de : Divatte-sur-Loire, &#8230;<\/div><\/li>\n<\/ul>","protected":false},"excerpt":{"rendered":"","protected":false},"author":1,"featured_media":0,"parent":0,"menu_order":0,"comment_status":"closed","ping_status":"closed","template":"template-fullwidth.php","meta":{"_uag_custom_page_level_css":"","footnotes":""},"class_list":["post-194","page","type-page","status-publish","hentry"],"uagb_featured_image_src":{"full":false,"thumbnail":false,"medium":false,"medium_large":false,"large":false,"1536x1536":false,"2048x2048":false,"onepress-blog-small":false,"onepress-small":false,"onepress-medium":false},"uagb_author_info":{"display_name":"wpstgsae","author_link":"https:\/\/abonne-atlanticeau.stgs.fr\/wpstgsae\/author\/wpstgsae\/"},"uagb_comment_info":0,"uagb_excerpt":null,"publishpress_future_action":{"enabled":false,"date":"2026-04-20 12:24:25","action":"change-status","newStatus":"draft","terms":[],"taxonomy":"","extraData":[]},"publishpress_future_workflow_manual_trigger":{"enabledWorkflows":[]},"_links":{"self":[{"href":"https:\/\/abonne-atlanticeau.stgs.fr\/wpstgsae\/wp-json\/wp\/v2\/pages\/194","targetHints":{"allow":["GET"]}}],"collection":[{"href":"https:\/\/abonne-atlanticeau.stgs.fr\/wpstgsae\/wp-json\/wp\/v2\/pages"}],"about":[{"href":"https:\/\/abonne-atlanticeau.stgs.fr\/wpstgsae\/wp-json\/wp\/v2\/types\/page"}],"author":[{"embeddable":true,"href":"https:\/\/abonne-atlanticeau.stgs.fr\/wpstgsae\/wp-json\/wp\/v2\/users\/1"}],"replies":[{"embeddable":true,"href":"https:\/\/abonne-atlanticeau.stgs.fr\/wpstgsae\/wp-json\/wp\/v2\/comments?post=194"}],"version-history":[{"count":1,"href":"https:\/\/abonne-atlanticeau.stgs.fr\/wpstgsae\/wp-json\/wp\/v2\/pages\/194\/revisions"}],"predecessor-version":[{"id":1080,"href":"https:\/\/abonne-atlanticeau.stgs.fr\/wpstgsae\/wp-json\/wp\/v2\/pages\/194\/revisions\/1080"}],"wp:attachment":[{"href":"https:\/\/abonne-atlanticeau.stgs.fr\/wpstgsae\/wp-json\/wp\/v2\/media?parent=194"}],"curies":[{"name":"wp","href":"https:\/\/api.w.org\/{rel}","templated":true}]}}