{"id":2,"date":"2023-01-11T12:02:57","date_gmt":"2023-01-11T11:02:57","guid":{"rendered":"http:\/\/abonne-atlanticeau.stgs.fr\/wpstgsae\/?page_id=2"},"modified":"2023-04-05T10:27:05","modified_gmt":"2023-04-05T08:27:05","slug":"page-d-exemple","status":"publish","type":"page","link":"https:\/\/abonne-atlanticeau.stgs.fr\/wpstgsae\/","title":{"rendered":"Accueil"},"content":{"rendered":"\n\t\t\t<div class=\"wp-block-uagb-post-carousel uagb-post-grid ticss-e491066d uagb-post__image-position-top uagb-post__image-enabled uagb-block-4f8f76a8     uagb-post__arrow-outside uagb-post__items uagb-post__columns-3 is-carousel uagb-post__columns-tablet-3 uagb-post__columns-mobile-1\" data-total=\"1\" style=\"\">\n\n\t\t\t\t\t\t\t\t\t\t\t\t<article class=\"uagb-post__inner-wrap\">\t\t\t\t\t\t\t\t<div class='uagb-post__image'>\n\t\t\t\t\t\t\t\t\t<a href=\"https:\/\/abonne-atlanticeau.stgs.fr\/wpstgsae\/stgs-obtient-la-marque-de-garantie-relation-client-100-france\/\" target=\"_self\" rel=\"bookmark noopener noreferrer\"><img loading=\"lazy\" decoding=\"async\" width=\"300\" height=\"150\" src=\"https:\/\/abonne-atlanticeau.stgs.fr\/wpstgsae\/wp-content\/uploads\/2023\/02\/Logo-2-certification-Relation-Client-France-Reseaux-Sociaux-dimension-inferieure-300x150.jpg\" class=\"attachment-onepress-blog-small size-onepress-blog-small\" alt=\"\" \/>\t\t\t\t\t<\/a>\n\t\t\t\t\t\t\t\t\t<\/div>\n\t\t\t\t\t\t<h4 class=\"uagb-post__title uagb-post__text\">\n\t\t\t\t<a href=\"https:\/\/abonne-atlanticeau.stgs.fr\/wpstgsae\/stgs-obtient-la-marque-de-garantie-relation-client-100-france\/\" target=\"_self\" rel=\"bookmark noopener noreferrer\">STGS obtient la marque de garantie \u00ab\u00a0Relation Client 100% France\u00a0\u00bb<\/a>\n\t\t\t<\/h4>\n\t\t\t\t\t\t<div class='uagb-post__text uagb-post-grid-byline'>\n\t\t\t\t\t\t\t<\/div>\n\t\t\t\n\t\t\t\t\t\t\t\t\t<\/article>\n\t\t\t\t\t\t\t\t\t\t\t\t\t\t\t\t<article class=\"uagb-post__inner-wrap\">\t\t\t\t\t\t\t\t<div class='uagb-post__image'>\n\t\t\t\t\t\t\t\t\t<a href=\"https:\/\/abonne-atlanticeau.stgs.fr\/wpstgsae\/stgs-votre-nouveau-delegataire-du-service-public-de-leau-potable\/\" target=\"_self\" rel=\"bookmark noopener noreferrer\"><img loading=\"lazy\" decoding=\"async\" width=\"300\" height=\"150\" src=\"https:\/\/abonne-atlanticeau.stgs.fr\/wpstgsae\/wp-content\/uploads\/2023\/02\/Logo_RVB-e1676467178545-300x150.jpg\" class=\"attachment-onepress-blog-small size-onepress-blog-small\" alt=\"\" \/>\t\t\t\t\t<\/a>\n\t\t\t\t\t\t\t\t\t<\/div>\n\t\t\t\t\t\t<h4 class=\"uagb-post__title uagb-post__text\">\n\t\t\t\t<a href=\"https:\/\/abonne-atlanticeau.stgs.fr\/wpstgsae\/stgs-votre-nouveau-delegataire-du-service-public-de-leau-potable\/\" target=\"_self\" rel=\"bookmark noopener noreferrer\">STGS, votre nouveau d\u00e9l\u00e9gataire du service public de l\u2019eau potable<\/a>\n\t\t\t<\/h4>\n\t\t\t\t\t\t<div class='uagb-post__text uagb-post-grid-byline'>\n\t\t\t\t\t\t\t<\/div>\n\t\t\t\n\t\t\t\t\t\t\t\t\t<\/article>\n\t\t\t\t\t\t\t\t\t\t\t<\/div>\n\t\t\t\n\n<ul class=\"wp-block-latest-posts__list is-grid columns-2 aligncenter ticss-7d5a7634 wp-block-latest-posts\"><li><a class=\"wp-block-latest-posts__post-title\" href=\"https:\/\/abonne-atlanticeau.stgs.fr\/wpstgsae\/mon-conseiller-clientele\/\">Je contacte mon conseiller client\u00e8le<\/a><div class=\"wp-block-latest-posts__post-full-content\"><!-- wp:spacer {\"height\":\"20px\"} -->\n<div style=\"height:20px\" aria-hidden=\"true\" class=\"wp-block-spacer\"><\/div>\n<!-- \/wp:spacer -->\n\n<!-- wp:image {\"align\":\"center\",\"id\":82,\"width\":75,\"sizeSlug\":\"full\",\"linkDestination\":\"custom\"} -->\n<figure class=\"wp-block-image aligncenter size-full is-resized\"><a href=\"https:\/\/abonne-atlanticeau.stgs.fr\/wpstgsae\/nous-contacter\/\"><img decoding=\"async\" src=\"https:\/\/abonne-atlanticeau.stgs.fr\/wpstgsae\/wp-content\/uploads\/2023\/01\/phone-solid-2.svg\" alt=\"\" class=\"wp-image-82\" width=\"75\" \/><\/a><\/figure>\n<!-- \/wp:image -->\n\n<!-- wp:spacer {\"height\":\"20px\"} -->\n<div style=\"height:20px\" aria-hidden=\"true\" class=\"wp-block-spacer\"><\/div>\n<!-- \/wp:spacer -->\n\n<!-- wp:heading {\"textAlign\":\"center\",\"level\":3} -->\n<h3 class=\"has-text-align-center\"><a href=\"https:\/\/abonne-atlanticeau.stgs.fr\/wpstgsae\/nous-contacter\/\">Joindre votre conseiller client\u00e8le<\/a><\/h3>\n<!-- \/wp:heading -->\n\n<!-- wp:paragraph {\"textColor\":\"black\"} -->\n<p class=\"has-black-color has-text-color\">Pour toute question, votre conseiller client\u00e8le se tient \u00e0 votre disposition, pour l\u2019ensemble de vos d\u00e9marches, au <strong><a href=\"tel:0228219476\">02 28 21 94 76<\/a><\/strong>, du lundi au vendredi de 8h \u00e0 18h.<\/p>\n<!-- \/wp:paragraph -->\n\n<!-- wp:paragraph {\"textColor\":\"black\"} -->\n<p class=\"has-black-color has-text-color\">Vous pouvez nous rencontrer directement dans notre point d&rsquo;accueil du <strong>18D les Ragonni\u00e8res \u00e0 La Chapelle-Heulin<\/strong> (du lundi au vendredi de 8h30 \u00e0 12h et de 14h \u00e0 17h).<\/p>\n<!-- \/wp:paragraph -->\n\n<!-- wp:paragraph {\"textColor\":\"black\"} -->\n<p class=\"has-black-color has-text-color\">Vous pouvez \u00e9galement utiliser notre formulaire de contact depuis notre <a href=\"https:\/\/abonne-atlanticeau.stgs.fr\/wpstgsae\/nous-contacter\/\" data-type=\"page\" data-id=\"853\"><strong>page d\u00e9di\u00e9e<\/strong><\/a>.<\/p>\n<!-- \/wp:paragraph --><\/div><\/li>\n<li><a class=\"wp-block-latest-posts__post-title\" href=\"https:\/\/abonne-atlanticeau.stgs.fr\/wpstgsae\/demander-un-nouveau-branchement\/\">Demander un raccordement<\/a><div class=\"wp-block-latest-posts__post-full-content\"><!-- wp:spacer {\"height\":\"20px\"} -->\n<div style=\"height:20px\" aria-hidden=\"true\" class=\"wp-block-spacer\"><\/div>\n<!-- \/wp:spacer -->\n\n<!-- wp:image {\"align\":\"center\",\"id\":84,\"width\":75,\"sizeSlug\":\"full\",\"linkDestination\":\"custom\"} -->\n<figure class=\"wp-block-image aligncenter size-full is-resized\"><a href=\"https:\/\/abonne-atlanticeau.stgs.fr\/wpstgsae\/demande-de-nouveau-branchement\/\"><img decoding=\"async\" src=\"https:\/\/abonne-atlanticeau.stgs.fr\/wpstgsae\/wp-content\/uploads\/2023\/01\/gauge-high-solid-1.svg\" alt=\"\" class=\"wp-image-84\" width=\"75\" \/><\/a><\/figure>\n<!-- \/wp:image -->\n\n<!-- wp:spacer {\"height\":\"20px\"} -->\n<div style=\"height:20px\" aria-hidden=\"true\" class=\"wp-block-spacer\"><\/div>\n<!-- \/wp:spacer -->\n\n<!-- wp:heading {\"textAlign\":\"center\",\"level\":3} -->\n<h3 class=\"has-text-align-center\"><a href=\"https:\/\/abonne-atlanticeau.stgs.fr\/wpstgsae\/je-demande-un-raccordement\/\">Demander un raccordement<\/a><\/h3>\n<!-- \/wp:heading -->\n\n<!-- wp:paragraph {\"textColor\":\"black\"} -->\n<p class=\"has-black-color has-text-color\">Consulter notre <a href=\"https:\/\/abonne-atlanticeau.stgs.fr\/wpstgsae\/je-demande-un-raccordement\/\" data-type=\"page\" data-id=\"44\"><strong>page d\u00e9di\u00e9e<\/strong><\/a> pour toute demande d\u2019un raccordement.<br><br>Vous y trouverez :<\/p>\n<!-- \/wp:paragraph -->\n\n<!-- wp:list {\"textColor\":\"black\"} -->\n<ul class=\"has-black-color has-text-color\"><!-- wp:list-item -->\n<li>Un formulaire PDF \u00e0 remplir et retourner par mail \u00e0 <a href=\"mailto:clientele.atlanticeau@stgs.fr\"><strong>clientele.atlanticeau<em>@<\/em>stgs.fr<\/strong><\/a> accompagn\u00e9 des pi\u00e8ces justificatives.<\/li>\n<!-- \/wp:list-item -->\n\n<!-- wp:list-item -->\n<li>Un formulaire en ligne (prochainement)<\/li>\n<!-- \/wp:list-item --><\/ul>\n<!-- \/wp:list -->\n\n<!-- wp:spacer {\"height\":\"20px\"} -->\n<div style=\"height:20px\" aria-hidden=\"true\" class=\"wp-block-spacer\"><\/div>\n<!-- \/wp:spacer --><\/div><\/li>\n<li><a class=\"wp-block-latest-posts__post-title\" href=\"https:\/\/abonne-atlanticeau.stgs.fr\/wpstgsae\/329-2\/\">Acc\u00e9der aux documents du service<\/a><div class=\"wp-block-latest-posts__post-full-content\"><!-- wp:spacer {\"height\":\"20px\"} -->\n<div style=\"height:20px\" aria-hidden=\"true\" class=\"wp-block-spacer\"><\/div>\n<!-- \/wp:spacer -->\n\n<!-- wp:image {\"align\":\"center\",\"id\":83,\"width\":75,\"sizeSlug\":\"full\",\"linkDestination\":\"custom\"} -->\n<figure class=\"wp-block-image aligncenter size-full is-resized\"><a href=\"https:\/\/abonne-atlanticeau.stgs.fr\/wpstgsae\/documents-du-service\/\"><img decoding=\"async\" src=\"https:\/\/abonne-atlanticeau.stgs.fr\/wpstgsae\/wp-content\/uploads\/2023\/01\/folder-open-solid-1.svg\" alt=\"\" class=\"wp-image-83\" width=\"75\" \/><\/a><\/figure>\n<!-- \/wp:image -->\n\n<!-- wp:spacer {\"height\":\"20px\"} -->\n<div style=\"height:20px\" aria-hidden=\"true\" class=\"wp-block-spacer\"><\/div>\n<!-- \/wp:spacer -->\n\n<!-- wp:heading {\"textAlign\":\"center\",\"level\":3} -->\n<h3 class=\"has-text-align-center\"><a href=\"https:\/\/abonne-atlanticeau.stgs.fr\/wpstgsae\/documents-du-service\/\">Acc\u00e9der aux documents du service<\/a><\/h3>\n<!-- \/wp:heading -->\n\n<!-- wp:paragraph {\"textColor\":\"black\"} -->\n<p class=\"has-black-color has-text-color\">Prenez connaissance des documents du service en consultant notre <a href=\"https:\/\/abonne-atlanticeau.stgs.fr\/wpstgsae\/documents-du-service\/\"><strong>page d\u00e9di\u00e9e<\/strong><\/a>.<br><br>Vous y trouverez notamment :<\/p>\n<!-- \/wp:paragraph -->\n\n<!-- wp:list {\"textColor\":\"black\"} -->\n<ul class=\"has-black-color has-text-color\"><!-- wp:list-item -->\n<li>Le guide pratique de l\u2019abonn\u00e9<\/li>\n<!-- \/wp:list-item -->\n\n<!-- wp:list-item -->\n<li>Les conditions tarifaires<\/li>\n<!-- \/wp:list-item -->\n\n<!-- wp:list-item -->\n<li>Le r\u00e9glement de service<\/li>\n<!-- \/wp:list-item --><\/ul>\n<!-- \/wp:list -->\n\n<!-- wp:spacer {\"height\":\"20px\"} -->\n<div style=\"height:20px\" aria-hidden=\"true\" class=\"wp-block-spacer\"><\/div>\n<!-- \/wp:spacer --><\/div><\/li>\n<li><a class=\"wp-block-latest-posts__post-title\" href=\"https:\/\/abonne-atlanticeau.stgs.fr\/wpstgsae\/accedez-a-votre-espace-client\/\">Acc\u00e9dez \u00e0 votre Espace client<\/a><div class=\"wp-block-latest-posts__post-full-content\"><!-- wp:spacer {\"height\":\"20px\"} -->\n<div style=\"height:20px\" aria-hidden=\"true\" class=\"wp-block-spacer\"><\/div>\n<!-- \/wp:spacer -->\n\n<!-- wp:image {\"align\":\"center\",\"id\":478,\"width\":55,\"sizeSlug\":\"full\",\"linkDestination\":\"none\"} -->\n<figure class=\"wp-block-image aligncenter size-full is-resized\"><img decoding=\"async\" src=\"https:\/\/abonne-atlanticeau.stgs.fr\/wpstgsae\/wp-content\/uploads\/2023\/01\/user-solid.svg\" alt=\"\" class=\"wp-image-478\" width=\"55\" \/><\/figure>\n<!-- \/wp:image -->\n\n<!-- wp:spacer {\"height\":\"20px\"} -->\n<div style=\"height:20px\" aria-hidden=\"true\" class=\"wp-block-spacer\"><\/div>\n<!-- \/wp:spacer -->\n\n<!-- wp:heading {\"textAlign\":\"center\",\"level\":3,\"UAGDay\":[]} -->\n<h3 class=\"wp-block-heading has-text-align-center\">Acc\u00e9dez \u00e0 votre Espace client<\/h3>\n<!-- \/wp:heading -->\n\n<!-- wp:paragraph {\"textColor\":\"black\"} -->\n<p class=\"has-black-color has-text-color\">L&rsquo;acc\u00e8s \u00e0 votre espace client vous permet de consulter les donn\u00e9es de votre contrat, de g\u00e9rer votre abonnement, de suivre l&rsquo;\u00e9volution de vos consommations ou encore de consulter et r\u00e9gler vos factures.<\/p>\n<!-- \/wp:paragraph -->\n\n<!-- wp:paragraph {\"textColor\":\"black\"} -->\n<p class=\"has-black-color has-text-color\">Pour <a rel=\"noreferrer noopener\" href=\"https:\/\/espaceclient-atlanticeau.stgs.fr\/wp\/accountCreationRequestForm.external\" target=\"_blank\">cr\u00e9er votre compte<\/a>, vous aurez besoin de votre la r\u00e9f\u00e9rence de votre branchement et de votre nom. Ces donn\u00e9es sont consultables sur votre derni\u00e8re facture ou plus g\u00e9n\u00e9ralement sur tout document adress\u00e9 par STGS.<\/p>\n<!-- \/wp:paragraph -->\n\n<!-- wp:paragraph -->\n<p>Si vous avez d\u00e9j\u00e0 votre compte utilisateur, vous pouvez acc\u00e9der \u00e0 votre espace avec vos identifiants en cliquant sur le lien suivant : <a rel=\"noreferrer noopener\" href=\"https:\/\/espaceclient-atlanticeau.stgs.fr\/\" target=\"_blank\">https:\/\/espaceclient-atlanticeau.stgs.fr\/<\/a><\/p>\n<!-- \/wp:paragraph --><\/div><\/li>\n<\/ul>\n\n\n<p><\/p>\n","protected":false},"excerpt":{"rendered":"","protected":false},"author":1,"featured_media":0,"parent":0,"menu_order":0,"comment_status":"closed","ping_status":"open","template":"","meta":{"_uag_custom_page_level_css":".wp-block-latest-posts__list > li > a {\n  display:none;\n}\n.wp-block-latest-posts__list > li {\nbox-shadow: 0px 0px 5px 1px rgba(0,0,0,.2);\n}\n.wp-block-latest-posts__list > li > div > p, .wp-block-latest-posts__list > li > div > ul {\n  margin-left:10px;\n  margin-right:10px;\n}\n.wp-block-latest-posts__list > li > div > ul > li {\n  width:100% !important;\n}\n.uagb-post__title {\n  text-align:center;\n}","footnotes":""},"class_list":["post-2","page","type-page","status-publish","hentry"],"uagb_featured_image_src":{"full":false,"thumbnail":false,"medium":false,"medium_large":false,"large":false,"1536x1536":false,"2048x2048":false,"onepress-blog-small":false,"onepress-small":false,"onepress-medium":false},"uagb_author_info":{"display_name":"wpstgsae","author_link":"https:\/\/abonne-atlanticeau.stgs.fr\/wpstgsae\/author\/wpstgsae\/"},"uagb_comment_info":0,"uagb_excerpt":null,"publishpress_future_action":{"enabled":false,"date":"2026-04-20 11:07:40","action":"change-status","newStatus":"draft","terms":[],"taxonomy":"","extraData":[]},"publishpress_future_workflow_manual_trigger":{"enabledWorkflows":[]},"_links":{"self":[{"href":"https:\/\/abonne-atlanticeau.stgs.fr\/wpstgsae\/wp-json\/wp\/v2\/pages\/2","targetHints":{"allow":["GET"]}}],"collection":[{"href":"https:\/\/abonne-atlanticeau.stgs.fr\/wpstgsae\/wp-json\/wp\/v2\/pages"}],"about":[{"href":"https:\/\/abonne-atlanticeau.stgs.fr\/wpstgsae\/wp-json\/wp\/v2\/types\/page"}],"author":[{"embeddable":true,"href":"https:\/\/abonne-atlanticeau.stgs.fr\/wpstgsae\/wp-json\/wp\/v2\/users\/1"}],"replies":[{"embeddable":true,"href":"https:\/\/abonne-atlanticeau.stgs.fr\/wpstgsae\/wp-json\/wp\/v2\/comments?post=2"}],"version-history":[{"count":2,"href":"https:\/\/abonne-atlanticeau.stgs.fr\/wpstgsae\/wp-json\/wp\/v2\/pages\/2\/revisions"}],"predecessor-version":[{"id":1059,"href":"https:\/\/abonne-atlanticeau.stgs.fr\/wpstgsae\/wp-json\/wp\/v2\/pages\/2\/revisions\/1059"}],"wp:attachment":[{"href":"https:\/\/abonne-atlanticeau.stgs.fr\/wpstgsae\/wp-json\/wp\/v2\/media?parent=2"}],"curies":[{"name":"wp","href":"https:\/\/api.w.org\/{rel}","templated":true}]}}