{"id":44,"date":"2023-01-11T15:46:30","date_gmt":"2023-01-11T14:46:30","guid":{"rendered":"https:\/\/abonne-atlanticeau.stgs.fr\/wpstgsae\/?page_id=44"},"modified":"2023-04-05T10:46:08","modified_gmt":"2023-04-05T08:46:08","slug":"je-demande-un-raccordement","status":"publish","type":"page","link":"https:\/\/abonne-atlanticeau.stgs.fr\/wpstgsae\/je-demande-un-raccordement\/","title":{"rendered":"Je demande un raccordement"},"content":{"rendered":"<ul class=\"wp-block-latest-posts__list ticss-795a4e5b wp-block-latest-posts\"><li><a class=\"wp-block-latest-posts__post-title\" href=\"https:\/\/abonne-atlanticeau.stgs.fr\/wpstgsae\/intro\/\">Intro<\/a><div class=\"wp-block-latest-posts__post-full-content\"><!-- wp:paragraph {\"textColor\":\"black\"} -->\n<p class=\"has-black-color has-text-color\">Le raccordement au domaine public doit \u00eatre effectu\u00e9 par votre distributeur d&rsquo;eau (STGS) dans le respect de r\u00e8gles pr\u00e9cises pour garantir une alimentation en eau de qualit\u00e9 et le bon fonctionnement de votre compteur.<\/p>\n<!-- \/wp:paragraph -->\n\n<!-- wp:paragraph {\"textColor\":\"black\"} -->\n<p class=\"has-black-color has-text-color\">Pour les travaux portant sur la partie privative du branchement incluant le raccordement, vous pouvez faire appel \u00e0\u00a0l\u2019entreprise de votre choix.<\/p>\n<!-- \/wp:paragraph -->\n\n<!-- wp:paragraph -->\n<p><\/p>\n<!-- \/wp:paragraph --><\/div><\/li>\n<li><a class=\"wp-block-latest-posts__post-title\" href=\"https:\/\/abonne-atlanticeau.stgs.fr\/wpstgsae\/piece-a-joindre\/\">Pi\u00e8ce \u00e0 joindre<\/a><div class=\"wp-block-latest-posts__post-full-content\"><!-- wp:heading {\"level\":5,\"style\":{\"color\":{\"text\":\"#0d47a1\"}}} -->\n<h5 class=\"has-text-color\" style=\"color:#0d47a1\">Les pi\u00e8ces \u00e0 joindre<\/h5>\n<!-- \/wp:heading -->\n\n<!-- wp:paragraph {\"textColor\":\"black\"} -->\n<p class=\"has-black-color has-text-color\">Pour constituer votre dossier, munissez-vous des documents suivants :<br><br>&#8211; une copie de l\u2019arr\u00eat\u00e9 du permis de construire<br>&#8211; une copie du certificat d&rsquo;urbanisme<br>&#8211; une copie d&rsquo;un kbis de moins de 3 mois pour les professionnels<br>&#8211; un plan de situation dans la commune (vous pouvez r\u00e9aliser un plan depuis <a rel=\"noreferrer noopener\" href=\"https:\/\/www.geoportail.gouv.fr\/donnees\/parcelles-cadastrales\" target=\"_blank\">geoportail.gouv.fr<\/a>)<br>&#8211; un plan cadastral en indiquant l\u2019emplacement souhait\u00e9 du compteur (vous pouvez r\u00e9aliser un plan depuis <a rel=\"noreferrer noopener\" href=\"https:\/\/www.geoportail.gouv.fr\/donnees\/parcelles-cadastrales\" target=\"_blank\">geoportail.gouv.fr<\/a>)<\/p>\n<!-- \/wp:paragraph --><\/div><\/li>\n<li><a class=\"wp-block-latest-posts__post-title\" href=\"https:\/\/abonne-atlanticeau.stgs.fr\/wpstgsae\/formulaire\/\">Formulaire<\/a><div class=\"wp-block-latest-posts__post-full-content\"><!-- wp:heading {\"level\":5,\"style\":{\"color\":{\"text\":\"#0d47a1\"}}} -->\n<h5 class=\"wp-block-heading has-text-color\" style=\"color:#0d47a1\">Le formulaire de demande de Raccordement<\/h5>\n<!-- \/wp:heading -->\n\n<!-- wp:spacer {\"height\":\"20px\"} -->\n<div style=\"height:20px\" aria-hidden=\"true\" class=\"wp-block-spacer\"><\/div>\n<!-- \/wp:spacer -->\n\n<!-- wp:columns {\"className\":\"ticss-c8f52648\"} -->\n<div class=\"wp-block-columns ticss-c8f52648\"><!-- wp:column {\"style\":{\"color\":{\"background\":\"#fafafa\"}}} -->\n<div class=\"wp-block-column has-background\" style=\"background-color:#fafafa\"><!-- wp:spacer {\"height\":\"20px\"} -->\n<div style=\"height:20px\" aria-hidden=\"true\" class=\"wp-block-spacer\"><\/div>\n<!-- \/wp:spacer -->\n\n<!-- wp:image {\"id\":400,\"width\":\"100px\",\"sizeSlug\":\"full\",\"linkDestination\":\"custom\",\"align\":\"center\"} -->\n<figure class=\"wp-block-image aligncenter size-full is-resized\"><a href=\"https:\/\/abonne-atlanticeau.stgs.fr\/wpstgsae\/wp-content\/uploads\/2023\/01\/Formulaire_demande_branchement_STGS_ATLANTICEAU.pdf\" target=\"_blank\" rel=\"noreferrer noopener\"><img decoding=\"async\" src=\"https:\/\/abonne-atlanticeau.stgs.fr\/wpstgsae\/wp-content\/uploads\/2023\/01\/file-pdf-solid.svg\" alt=\"\" class=\"wp-image-400\" style=\"width:100px\" \/><\/a><\/figure>\n<!-- \/wp:image -->\n\n<!-- wp:spacer {\"height\":\"20px\"} -->\n<div style=\"height:20px\" aria-hidden=\"true\" class=\"wp-block-spacer\"><\/div>\n<!-- \/wp:spacer -->\n\n<!-- wp:heading {\"textAlign\":\"center\",\"level\":5,\"className\":\"ticss-427e6afd\",\"style\":{\"color\":{\"text\":\"#0d47a1\"}}} -->\n<h5 class=\"wp-block-heading has-text-align-center ticss-427e6afd has-text-color\" style=\"color:#0d47a1\"><a href=\"https:\/\/abonne-atlanticeau.stgs.fr\/wpstgsae\/wp-content\/uploads\/2023\/01\/Formulaire_demande_branchement_STGS_ATLANTICEAU.pdf\" data-type=\"attachment\" data-id=\"210\" target=\"_blank\" rel=\"noreferrer noopener\">Formulaire RACCORDEMENT<\/a><\/h5>\n<!-- \/wp:heading -->\n\n<!-- wp:paragraph {\"align\":\"center\",\"style\":{\"color\":{\"text\":\"#0d47a1\"}}} -->\n<p class=\"has-text-align-center has-text-color\" style=\"color:#0d47a1\">T\u00e9l\u00e9chargez et remplissez le formulaire ci-dessus puis retournez-le par mail \u00e0 <a href=\"mailto:clientele.atlanticeau@stgs.fr\"><strong>clientele.atlanticeau<em>@<\/em>stgs.fr<\/strong><\/a> accompagn\u00e9 des pi\u00e8ces justificatives.<\/p>\n<!-- \/wp:paragraph -->\n\n<!-- wp:paragraph {\"align\":\"center\",\"style\":{\"color\":{\"text\":\"#0d47a1\"}}} -->\n<p class=\"has-text-align-center has-text-color\" style=\"color:#0d47a1\">Nos \u00e9quipes traiteront votre demande dans les plus brefs d\u00e9lais.<\/p>\n<!-- \/wp:paragraph --><\/div>\n<!-- \/wp:column -->\n\n<!-- wp:column {\"style\":{\"color\":{\"background\":\"#fafafa\"}}} -->\n<div class=\"wp-block-column has-background\" style=\"background-color:#fafafa\"><!-- wp:spacer {\"height\":\"20px\"} -->\n<div style=\"height:20px\" aria-hidden=\"true\" class=\"wp-block-spacer\"><\/div>\n<!-- \/wp:spacer -->\n\n<!-- wp:image {\"lightbox\":{\"enabled\":false},\"id\":400,\"width\":\"100px\",\"sizeSlug\":\"full\",\"linkDestination\":\"custom\",\"align\":\"center\",\"className\":\"is-style-default\"} -->\n<figure class=\"wp-block-image aligncenter size-full is-resized is-style-default\"><a href=\"https:\/\/abonne-atlanticeau.stgs.fr\/wpstgsae\/wp-content\/uploads\/2025\/12\/FORMULAIRE-CONTRAT-ABONNEMENT-1.pdf\" target=\"_blank\" rel=\" noreferrer noopener\"><img decoding=\"async\" src=\"https:\/\/abonne-atlanticeau.stgs.fr\/wpstgsae\/wp-content\/uploads\/2023\/01\/file-pdf-solid.svg\" alt=\"\" class=\"wp-image-400\" style=\"width:100px\" \/><\/a><\/figure>\n<!-- \/wp:image -->\n\n<!-- wp:spacer {\"height\":\"20px\"} -->\n<div style=\"height:20px\" aria-hidden=\"true\" class=\"wp-block-spacer\"><\/div>\n<!-- \/wp:spacer -->\n\n<!-- wp:heading {\"textAlign\":\"center\",\"level\":5,\"textColor\":\"cyan-bluish-gray\"} -->\n<h5 class=\"wp-block-heading has-text-align-center has-cyan-bluish-gray-color has-text-color\"><a href=\"https:\/\/abonne-atlanticeau.stgs.fr\/wpstgsae\/wp-content\/uploads\/2025\/12\/FORMULAIRE-CONTRAT-ABONNEMENT-1.pdf\" target=\"_blank\" rel=\"noreferrer noopener\">Formulaire ABONNEMENT<\/a><\/h5>\n<!-- \/wp:heading -->\n\n<!-- wp:paragraph {\"align\":\"center\",\"style\":{\"color\":{\"text\":\"#0d47a1\"}},\"textColor\":\"cyan-bluish-gray\"} -->\n<p class=\"has-text-align-center has-cyan-bluish-gray-color has-text-color\" style=\"color:#0d47a1\">T\u00e9l\u00e9chargez et remplissez le formulaire ci-dessus puis retournez-le par mail \u00e0 <a href=\"mailto:clientele.atlanticeau@stgs.fr\"><strong>clientele.atlanticeau<em>@<\/em>stgs.fr<\/strong><\/a> accompagn\u00e9 des pi\u00e8ces justificatives.<br><br>Nos \u00e9quipes traiteront votre demande dans les plus brefs d\u00e9lais.<\/p>\n<!-- \/wp:paragraph --><\/div>\n<!-- \/wp:column --><\/div>\n<!-- \/wp:columns -->\n\n<!-- wp:paragraph -->\n<p><\/p>\n<!-- \/wp:paragraph --><\/div><\/li>\n<li><a class=\"wp-block-latest-posts__post-title\" href=\"https:\/\/abonne-atlanticeau.stgs.fr\/wpstgsae\/apres-reception\/\">Apr\u00e8s r\u00e9ception<\/a><div class=\"wp-block-latest-posts__post-full-content\"><!-- wp:heading {\"level\":5,\"style\":{\"color\":{\"text\":\"#0d47a1\"}}} -->\n<h5 class=\"wp-block-heading has-text-color\" style=\"color:#0d47a1\">Apr\u00e8s r\u00e9ception de votre dossier complet<\/h5>\n<!-- \/wp:heading -->\n\n<!-- wp:paragraph {\"textColor\":\"black\"} -->\n<p class=\"has-black-color has-text-color\">Une fois votre dossier valid\u00e9, un technicien de chez STGS \u00e9tudiera votre demande de raccordement au r\u00e9seau d\u2019eau public.<br>Il se basera sur ces documents et se rendra sur votre terrain pour d\u00e9terminer les conditions dans lesquelles les travaux seront effectu\u00e9s,selon la configuration du terrain, son emplacement, etc.<br><br>STGS vous adressera ensuite un devis d\u00e9taill\u00e9\u00a0portant exclusivement sur ces travaux avec le\u00a0d\u00e9lai de r\u00e9alisation du chantier.<br><br><strong>En moyenne 10 semaines sont n\u00e9cessaires entre la date de votre premi\u00e8re demande, l\u2019obtention des autorisations administratives et la r\u00e9alisation de vos travaux.<\/strong><\/p>\n<!-- \/wp:paragraph -->\n\n<!-- wp:heading {\"level\":5,\"style\":{\"color\":{\"text\":\"#0d47a1\"}}} -->\n<h5 class=\"wp-block-heading has-text-color\" style=\"color:#0d47a1\">SANS LA r\u00e9ception de votre CONTRAT D&rsquo;ABONNEMENT COMPLET, LE COMPTEUR SERA POS\u00e9 FERm\u00e9 et vous ne serez consid\u00e9r\u00e9s comme un abonn\u00e9 au service de l&rsquo;eau<\/h5>\n<!-- \/wp:heading -->\n\n<!-- wp:paragraph -->\n<p><\/p>\n<!-- \/wp:paragraph --><\/div><\/li>\n<\/ul>","protected":false},"excerpt":{"rendered":"","protected":false},"author":2,"featured_media":0,"parent":0,"menu_order":0,"comment_status":"closed","ping_status":"closed","template":"","meta":{"_uag_custom_page_level_css":".ticss-795a4e5b > li > a {\n  display:none;\n}\n.wp-block-latest-posts__post-full-content > .wp-block-columns >.wp-block-column{\n    box-shadow: 0px 0px 5px 1px rgba(0,0,0,.2);\n  margin-right:10px\n}","footnotes":""},"class_list":["post-44","page","type-page","status-publish","hentry"],"uagb_featured_image_src":{"full":false,"thumbnail":false,"medium":false,"medium_large":false,"large":false,"1536x1536":false,"2048x2048":false,"onepress-blog-small":false,"onepress-small":false,"onepress-medium":false},"uagb_author_info":{"display_name":"Florian EVAIN","author_link":"https:\/\/abonne-atlanticeau.stgs.fr\/wpstgsae\/author\/fevain\/"},"uagb_comment_info":0,"uagb_excerpt":null,"publishpress_future_action":{"enabled":false,"date":"2026-04-20 13:41:55","action":"change-status","newStatus":"draft","terms":[],"taxonomy":"","extraData":[]},"publishpress_future_workflow_manual_trigger":{"enabledWorkflows":[]},"_links":{"self":[{"href":"https:\/\/abonne-atlanticeau.stgs.fr\/wpstgsae\/wp-json\/wp\/v2\/pages\/44","targetHints":{"allow":["GET"]}}],"collection":[{"href":"https:\/\/abonne-atlanticeau.stgs.fr\/wpstgsae\/wp-json\/wp\/v2\/pages"}],"about":[{"href":"https:\/\/abonne-atlanticeau.stgs.fr\/wpstgsae\/wp-json\/wp\/v2\/types\/page"}],"author":[{"embeddable":true,"href":"https:\/\/abonne-atlanticeau.stgs.fr\/wpstgsae\/wp-json\/wp\/v2\/users\/2"}],"replies":[{"embeddable":true,"href":"https:\/\/abonne-atlanticeau.stgs.fr\/wpstgsae\/wp-json\/wp\/v2\/comments?post=44"}],"version-history":[{"count":1,"href":"https:\/\/abonne-atlanticeau.stgs.fr\/wpstgsae\/wp-json\/wp\/v2\/pages\/44\/revisions"}],"predecessor-version":[{"id":35795,"href":"https:\/\/abonne-atlanticeau.stgs.fr\/wpstgsae\/wp-json\/wp\/v2\/pages\/44\/revisions\/35795"}],"wp:attachment":[{"href":"https:\/\/abonne-atlanticeau.stgs.fr\/wpstgsae\/wp-json\/wp\/v2\/media?parent=44"}],"curies":[{"name":"wp","href":"https:\/\/api.w.org\/{rel}","templated":true}]}}