{"id":54,"date":"2023-01-11T16:41:18","date_gmt":"2023-01-11T15:41:18","guid":{"rendered":"https:\/\/abonne-atlanticeau.stgs.fr\/wpstgsae\/?page_id=54"},"modified":"2025-12-19T10:01:59","modified_gmt":"2025-12-19T09:01:59","slug":"documents-du-service","status":"publish","type":"page","link":"https:\/\/abonne-atlanticeau.stgs.fr\/wpstgsae\/documents-du-service\/","title":{"rendered":"Documents du service"},"content":{"rendered":"<ul class=\"wp-block-latest-posts__list ticss-78d1b546 wp-block-latest-posts\"><li><a class=\"wp-block-latest-posts__post-title\" href=\"https:\/\/abonne-atlanticeau.stgs.fr\/wpstgsae\/document-text\/\">Document text<\/a><div class=\"wp-block-latest-posts__post-full-content\"><!-- wp:paragraph {\"textColor\":\"black\"} -->\n<p class=\"has-black-color has-text-color\">Nous mettons \u00e0 disposition diff\u00e9rents documents de service tel que :<\/p>\n<!-- \/wp:paragraph -->\n\n<!-- wp:paragraph {\"textColor\":\"black\"} -->\n<p class=\"has-black-color has-text-color\"><strong>Le guide pratique de l\u2019abonn\u00e9<\/strong> : vous retrouverez dans ce document toutes les informations utiles concernant l&rsquo;eau, votre contrat ainsi que les contacts.<\/p>\n<!-- \/wp:paragraph -->\n\n<!-- wp:paragraph {\"textColor\":\"black\"} -->\n<p class=\"has-black-color has-text-color\"><strong>Les conditions tarifaires<\/strong> : vous retrouverez les tarifs de vente d&rsquo;eau.<\/p>\n<!-- \/wp:paragraph -->\n\n<!-- wp:paragraph {\"textColor\":\"black\"} -->\n<p class=\"has-black-color has-text-color\"><strong>Le r\u00e9glement de service<\/strong> : ce document r\u00e9git l\u2019ensemble des droits et obligations des diff\u00e9rents intervenants du service : vous-m\u00eame, le distributeur (STGS) et la collectivit\u00e9 (atlantic&rsquo;eau).<br>Vous y trouverez les informations n\u00e9cessaires sur tous les aspects contractuels concernant votre abonnement, votre branchement, votre consommation et le service public de l\u2019eau.<\/p>\n<!-- \/wp:paragraph --><\/div><\/li>\n<\/ul>\n\n\n<div style=\"height:20px\" aria-hidden=\"true\" class=\"wp-block-spacer\"><\/div>\n\n\n\n<div class=\"wp-block-columns is-layout-flex wp-container-core-columns-is-layout-9d6595d7 wp-block-columns-is-layout-flex\">\n<div class=\"wp-block-column is-vertically-aligned-center ticss-5a6b542c is-layout-flow wp-block-column-is-layout-flow\"><div class=\"wp-block-image ticss-2f4d6b8b\">\n<figure class=\"aligncenter size-full is-resized\"><a href=\"https:\/\/abonne-atlanticeau.stgs.fr\/wpstgsae\/wp-content\/uploads\/2023\/01\/atlantic_eau_guide_accueil_STGS.pdf\" target=\"_blank\" rel=\"noreferrer noopener\"><img decoding=\"async\" src=\"https:\/\/abonne-atlanticeau.stgs.fr\/wpstgsae\/wp-content\/uploads\/2023\/01\/file-regular-2.svg\" alt=\"\" class=\"wp-image-81\" style=\"width:100px\"\/><\/a><\/figure>\n<\/div>\n\n\n<p class=\"has-text-align-center\"><a rel=\"noreferrer noopener\" href=\"https:\/\/abonne-atlanticeau.stgs.fr\/wpstgsae\/wp-content\/uploads\/2023\/01\/atlantic_eau_guide_accueil_STGS.pdf\" target=\"_blank\">Guide pratique de l&rsquo;abonn\u00e9<\/a><\/p>\n<\/div>\n\n\n\n<div class=\"wp-block-column is-vertically-aligned-center ticss-6f87cc05 is-layout-flow wp-block-column-is-layout-flow\"><div class=\"wp-block-image ticss-f89fc081\">\n<figure class=\"aligncenter size-full is-resized\"><a href=\"https:\/\/abonne-atlanticeau.stgs.fr\/wpstgsae\/wp-content\/uploads\/2025\/12\/AE_Tarifs-2026.pdf\" target=\"_blank\" rel=\"noreferrer noopener\"><img decoding=\"async\" src=\"https:\/\/abonne-atlanticeau.stgs.fr\/wpstgsae\/wp-content\/uploads\/2023\/01\/euro-sign-solid-1.svg\" alt=\"\" class=\"wp-image-80\" style=\"width:85px\"\/><\/a><\/figure>\n<\/div>\n\n\n<p class=\"has-text-align-center\"><a href=\"https:\/\/abonne-atlanticeau.stgs.fr\/wpstgsae\/wp-content\/uploads\/2023\/01\/conditions_tarifaires_atlanticeau_2023.pdf\" target=\"_blank\" rel=\"noreferrer noopener\">Conditions tarifaires<\/a><\/p>\n<\/div>\n\n\n\n<div class=\"wp-block-column is-vertically-aligned-center ticss-34f9d55d is-layout-flow wp-block-column-is-layout-flow\"><div class=\"wp-block-image ticss-3d2fae78\">\n<figure class=\"aligncenter size-full is-resized\"><a href=\"https:\/\/abonne-atlanticeau.stgs.fr\/wpstgsae\/wp-content\/uploads\/2023\/01\/rs_atlanticeau_eau_potable.pdf\" target=\"_blank\" rel=\"noreferrer noopener\"><img decoding=\"async\" src=\"https:\/\/abonne-atlanticeau.stgs.fr\/wpstgsae\/wp-content\/uploads\/2023\/01\/gavel-solid-1.svg\" alt=\"\" class=\"wp-image-85\" style=\"width:140px\"\/><\/a><\/figure>\n<\/div>\n\n\n<p class=\"has-text-align-center\"><a href=\"https:\/\/abonne-atlanticeau.stgs.fr\/wpstgsae\/wp-content\/uploads\/2023\/01\/rs_atlanticeau_eau_potable.pdf\" target=\"_blank\" rel=\"noreferrer noopener\">R\u00e9glement du service<\/a><\/p>\n<\/div>\n\n\n\n<div class=\"wp-block-column is-vertically-aligned-top ticss-34f9d55d is-layout-flow wp-block-column-is-layout-flow\"><div class=\"wp-block-image ticss-3d2fae78\">\n<figure class=\"aligncenter size-full\"><img decoding=\"async\" src=\"https:\/\/abonne-atlanticeau.stgs.fr\/wpstgsae\/wp-content\/uploads\/2023\/01\/file-signature-solid.svg\" alt=\"\" class=\"wp-image-489\"\/><\/figure>\n<\/div>\n\n\n<figure class=\"wp-block-image aligncenter size-full is-resized ticss-3d2fae78><a href=\"https:\/\/abonne-atlanticeau.stgs.fr\/wpstgsae\/wp-content\/uploads\/2023\/05\/Formulaire_retractation_STGS.pdf\" target=\"_blank\" rel=\"noreferrer noopener\"><img decoding=\"async\" src=\"https:\/\/abonne-atlanticeau.stgs.fr\/wpstgsae\/wp-content\/uploads\/2023\/01\/file-signature-solid.svg\"alt=\"\" class=\"wp-image-85\" width=\"125\" style=\"margin:auto;text-align:center;\" \/><\/a><\/figure>\n\n\n\n<p class=\"has-text-align-center\"><a href=\"https:\/\/abonne-atlanticeau.stgs.fr\/wpstgsae\/wp-content\/uploads\/2023\/05\/Formulaire_retractation_STGS.pdf\" target=\"_blank\" rel=\"noreferrer noopener\">Formulaire de r\u00e9tractation<\/a><\/p>\n<\/div>\n<\/div>\n","protected":false},"excerpt":{"rendered":"<p>Guide pratique de l&rsquo;abonn\u00e9 Conditions tarifaires R\u00e9glement du service<\/p>\n","protected":false},"author":2,"featured_media":0,"parent":0,"menu_order":0,"comment_status":"closed","ping_status":"closed","template":"","meta":{"_uag_custom_page_level_css":".wp-block-latest-posts__list > li > a{\n  display:none;\n}\n\n.ticss-5a6b542c,.ticss-6f87cc05,.ticss-34f9d55d  {\n    box-shadow: 0px 0px 5px 1px rgba(0,0,0,.2);\n}","footnotes":""},"class_list":["post-54","page","type-page","status-publish","hentry"],"uagb_featured_image_src":{"full":false,"thumbnail":false,"medium":false,"medium_large":false,"large":false,"1536x1536":false,"2048x2048":false,"onepress-blog-small":false,"onepress-small":false,"onepress-medium":false},"uagb_author_info":{"display_name":"Florian EVAIN","author_link":"https:\/\/abonne-atlanticeau.stgs.fr\/wpstgsae\/author\/fevain\/"},"uagb_comment_info":0,"uagb_excerpt":"Guide pratique de l&rsquo;abonn\u00e9 Conditions tarifaires R\u00e9glement du service","publishpress_future_action":{"enabled":false,"date":"2026-04-20 12:23:26","action":"change-status","newStatus":"draft","terms":[],"taxonomy":"","extraData":[]},"publishpress_future_workflow_manual_trigger":{"enabledWorkflows":[]},"_links":{"self":[{"href":"https:\/\/abonne-atlanticeau.stgs.fr\/wpstgsae\/wp-json\/wp\/v2\/pages\/54","targetHints":{"allow":["GET"]}}],"collection":[{"href":"https:\/\/abonne-atlanticeau.stgs.fr\/wpstgsae\/wp-json\/wp\/v2\/pages"}],"about":[{"href":"https:\/\/abonne-atlanticeau.stgs.fr\/wpstgsae\/wp-json\/wp\/v2\/types\/page"}],"author":[{"embeddable":true,"href":"https:\/\/abonne-atlanticeau.stgs.fr\/wpstgsae\/wp-json\/wp\/v2\/users\/2"}],"replies":[{"embeddable":true,"href":"https:\/\/abonne-atlanticeau.stgs.fr\/wpstgsae\/wp-json\/wp\/v2\/comments?post=54"}],"version-history":[{"count":6,"href":"https:\/\/abonne-atlanticeau.stgs.fr\/wpstgsae\/wp-json\/wp\/v2\/pages\/54\/revisions"}],"predecessor-version":[{"id":35884,"href":"https:\/\/abonne-atlanticeau.stgs.fr\/wpstgsae\/wp-json\/wp\/v2\/pages\/54\/revisions\/35884"}],"wp:attachment":[{"href":"https:\/\/abonne-atlanticeau.stgs.fr\/wpstgsae\/wp-json\/wp\/v2\/media?parent=54"}],"curies":[{"name":"wp","href":"https:\/\/api.w.org\/{rel}","templated":true}]}}