{"id":853,"date":"2023-03-21T15:45:52","date_gmt":"2023-03-21T14:45:52","guid":{"rendered":"https:\/\/abonne-atlanticeau.stgs.fr\/wpstgsae\/?page_id=853"},"modified":"2023-04-05T10:51:13","modified_gmt":"2023-04-05T08:51:13","slug":"nous-contacter","status":"publish","type":"page","link":"https:\/\/abonne-atlanticeau.stgs.fr\/wpstgsae\/nous-contacter\/","title":{"rendered":"Je contacte mon conseiller client\u00e8le"},"content":{"rendered":"\n<div class=\"wp-block-columns is-layout-flex wp-container-core-columns-is-layout-9d6595d7 wp-block-columns-is-layout-flex\">\n<div class=\"wp-block-column ticss-ba924661 is-layout-flow wp-block-column-is-layout-flow\" style=\"flex-basis:28%\"><div class=\"wp-block-image\">\n<figure class=\"aligncenter size-full is-resized\"><img decoding=\"async\" src=\"https:\/\/abonne-atlanticeau.stgs.fr\/wpstgsae\/wp-content\/uploads\/2023\/01\/paper-plane-solid.svg\" alt=\"\" class=\"wp-image-494\" width=\"80\"\/><\/figure>\n<\/div>\n\n\n<div style=\"height:15px\" aria-hidden=\"true\" class=\"wp-block-spacer\"><\/div>\n\n\n\n<p class=\"ticss-c1613c0d has-black-color has-text-color\">Pour toute question, vous pouvez nous adresser votre demande \u00e0 tout moment en utilisant le formulaire ci-contre<\/p>\n\n\n\n<div style=\"height:40px\" aria-hidden=\"true\" class=\"wp-block-spacer\"><\/div>\n\n\n<div class=\"wp-block-image is-style-default ticss-39f9b878\">\n<figure class=\"aligncenter size-full is-resized\"><img decoding=\"async\" src=\"https:\/\/abonne-atlanticeau.stgs.fr\/wpstgsae\/wp-content\/uploads\/2023\/01\/phone-solid-2.svg\" alt=\"\" class=\"wp-image-82\" width=\"80\"\/><\/figure>\n<\/div>\n\n\n<div style=\"height:15px\" aria-hidden=\"true\" class=\"wp-block-spacer\"><\/div>\n\n\n\n<p class=\"ticss-c1613c0d has-black-color has-text-color\">Votre conseiller client\u00e8le se tient \u00e0 \u00e9galement \u00e0 votre disposition, pour l\u2019ensemble de vos d\u00e9marches, au <strong><a href=\"tel:0228219476\">02 28 21 94 76<\/a><\/strong> du lundi au vendredi de 8h \u00e0 18h.<\/p>\n\n\n\n<div style=\"height:40px\" aria-hidden=\"true\" class=\"wp-block-spacer\"><\/div>\n\n\n<div class=\"wp-block-image\">\n<figure class=\"aligncenter size-full is-resized\"><img decoding=\"async\" src=\"https:\/\/abonne-atlanticeau.stgs.fr\/wpstgsae\/wp-content\/uploads\/2023\/01\/user-solid.svg\" alt=\"\" class=\"wp-image-478\" width=\"80\"\/><\/figure>\n<\/div>\n\n\n<div style=\"height:15px\" aria-hidden=\"true\" class=\"wp-block-spacer\"><\/div>\n\n\n\n<p class=\"has-black-color has-text-color\">Vous pouvez nous rencontrer directement dans notre point d&rsquo;accueil du <strong>18D les Ragonni\u00e8res \u00e0 La Chapelle-Heulin<\/strong> (du lundi au vendredi de 8h30 \u00e0 12h et de 14h \u00e0 17h).<\/p>\n<\/div>\n\n\n\n<div class=\"wp-block-column ticss-19dab051 is-layout-flow wp-block-column-is-layout-flow\" style=\"flex-basis:72%\">\n<div class=\"forminator-guttenberg\"><form id=\"forminator-module-815\" class=\"forminator-custom-form forminator-custom-form-815\" method=\"post\" data-forminator-render=\"0\" data-uid=\"69dcc41ced953\"><div role=\"alert\" aria-live=\"polite\" class=\"forminator-response-message forminator-error\" aria-hidden=\"true\"><\/div><\/form><\/div>\n<\/div>\n<\/div>\n","protected":false},"excerpt":{"rendered":"<p>Pour toute question, vous pouvez nous adresser votre demande \u00e0 tout moment en utilisant le formulaire ci-contre Votre conseiller client\u00e8le se tient \u00e0 \u00e9galement \u00e0 votre disposition, pour l\u2019ensemble de &#8230;<\/p>\n","protected":false},"author":2,"featured_media":0,"parent":0,"menu_order":0,"comment_status":"closed","ping_status":"closed","template":"","meta":{"_uag_custom_page_level_css":".ticss-ba924661, .ticss-19dab051 {\n  box-shadow: 0px 0px 5px 1px rgba(0,0,0,.2);\n  padding:50px;\n}","footnotes":""},"class_list":["post-853","page","type-page","status-publish","hentry"],"uagb_featured_image_src":{"full":false,"thumbnail":false,"medium":false,"medium_large":false,"large":false,"1536x1536":false,"2048x2048":false,"onepress-blog-small":false,"onepress-small":false,"onepress-medium":false},"uagb_author_info":{"display_name":"Florian EVAIN","author_link":"https:\/\/abonne-atlanticeau.stgs.fr\/wpstgsae\/author\/fevain\/"},"uagb_comment_info":0,"uagb_excerpt":"Pour toute question, vous pouvez nous adresser votre demande \u00e0 tout moment en utilisant le formulaire ci-contre Votre conseiller client\u00e8le se tient \u00e0 \u00e9galement \u00e0 votre disposition, pour l\u2019ensemble de ...","publishpress_future_action":{"enabled":false,"date":"2026-04-20 12:23:24","action":"change-status","newStatus":"draft","terms":[],"taxonomy":"","extraData":[]},"publishpress_future_workflow_manual_trigger":{"enabledWorkflows":[]},"_links":{"self":[{"href":"https:\/\/abonne-atlanticeau.stgs.fr\/wpstgsae\/wp-json\/wp\/v2\/pages\/853","targetHints":{"allow":["GET"]}}],"collection":[{"href":"https:\/\/abonne-atlanticeau.stgs.fr\/wpstgsae\/wp-json\/wp\/v2\/pages"}],"about":[{"href":"https:\/\/abonne-atlanticeau.stgs.fr\/wpstgsae\/wp-json\/wp\/v2\/types\/page"}],"author":[{"embeddable":true,"href":"https:\/\/abonne-atlanticeau.stgs.fr\/wpstgsae\/wp-json\/wp\/v2\/users\/2"}],"replies":[{"embeddable":true,"href":"https:\/\/abonne-atlanticeau.stgs.fr\/wpstgsae\/wp-json\/wp\/v2\/comments?post=853"}],"version-history":[{"count":0,"href":"https:\/\/abonne-atlanticeau.stgs.fr\/wpstgsae\/wp-json\/wp\/v2\/pages\/853\/revisions"}],"wp:attachment":[{"href":"https:\/\/abonne-atlanticeau.stgs.fr\/wpstgsae\/wp-json\/wp\/v2\/media?parent=853"}],"curies":[{"name":"wp","href":"https:\/\/api.w.org\/{rel}","templated":true}]}}